{"id":2378,"date":"2021-02-03T11:32:25","date_gmt":"2021-02-03T11:32:25","guid":{"rendered":"http:\/\/illusiontek.com\/?post_type=product&#038;p=2378"},"modified":"2022-05-19T08:07:39","modified_gmt":"2022-05-19T08:07:39","slug":"soundtek-system-es","status":"publish","type":"product","link":"https:\/\/illusiontek.com\/es\/shop\/illusiontek\/soundtek-system-es\/","title":{"rendered":"SoundTek System"},"content":{"rendered":"<p>[vc_row][vc_column width=&#8221;1\/6&#8243;][\/vc_column][vc_column width=&#8221;2\/3&#8243;][vc_custom_heading text=&#8221;Caracter\u00edsticas&#8221; font_container=&#8221;tag:h2|font_size:24px|text_align:left&#8221; use_theme_fonts=&#8221;yes&#8221; font_weight=&#8221;400&#8243; css=&#8221;.vc_custom_1529488195400{margin-top: 0px !important;margin-bottom: 0px !important;}&#8221;]<div class=\"supro-empty-space\" style=\"\"><div class=\"supro_empty_space_lg\"  style=\"height: 30px\"><\/div><div class=\"supro_empty_space_md\"  style=\"height: 30px\"><\/div><div class=\"supro_empty_space_xs\"  style=\"height: 30px\"><\/div><\/div>[vc_column_text]Avanzado sistema que permite al artista tomar el control de la m\u00fasica de su propio show<\/p>\n<ul class=\"supro-list\">\n<li>Dise\u00f1ado espec\u00edficamente para artistas que no disponen de asistencia t\u00e9cnica, permite <strong>controlar todo el acompa\u00f1amiento musical con solo pulsar un bot\u00f3n<\/strong>, accediendo a las funciones de cambio de pista, volumen e incluso <strong>automixer<\/strong> para fundir de forma profesional una pista con la siguiente sin detectar el salto.<\/li>\n<li>Se conecta<strong> simult\u00e1neamente a tu dispositivo y al equipo de m\u00fasica de la sala<\/strong> mediante una toma de audio Jack. El sistema dispone de una toma USB e incluye un adaptador de USB a micro USB. En caso de usuarios con dispositivos con toma USB tipo C o Lightning, es necesario un adaptador adicional no incluido (USB a USB tipo C, o el adaptador original de Apple lightning to USB 3 Camera Adapter , para los disposivos con toma Lightning).<\/li>\n<li>Incluye un <strong>mando principal para el control de todas las funciones, y un mando auxiliar<\/strong> en dos versiones: 1.-con un bot\u00f3n para salto de pista hacia adelante, o 2.- con dos botones para salto de pista hacia adelante y automix .<\/li>\n<li>No precisa ning\u00fan tipo de programa o software al ser un sistema Plug&amp;Play, siendo<strong> compatible con la mayor\u00eda de dispositivos, <\/strong>tanto tel\u00e9fonos m\u00f3viles y tablets (Androide y IOs), como ordenadores (Windows y MacOS), permitiendo controlar remotamente la lista de m\u00fasica almacenada en tu dispositivo (con un alcance por encima de los 500 metros de distancia).<\/li>\n<\/ul>\n<p>[\/vc_column_text]<div class=\"supro-empty-space\" style=\"\"><div class=\"supro_empty_space_lg\"  style=\"height: 0px\"><\/div><div class=\"supro_empty_space_md\"  style=\"height: 40px\"><\/div><div class=\"supro_empty_space_xs\"  style=\"height: 40px\"><\/div><\/div>[\/vc_column][vc_column width=&#8221;1\/6&#8243;][\/vc_column][\/vc_row]<\/p>","protected":false},"excerpt":{"rendered":"<p>Sistema que permite al artista tomar el control de la m\u00fasica de su propio show<\/p>","protected":false},"featured_media":1578,"comment_status":"closed","ping_status":"closed","template":"","meta":[],"_links":{"self":[{"href":"https:\/\/illusiontek.com\/es\/wp-json\/wp\/v2\/product\/2378"}],"collection":[{"href":"https:\/\/illusiontek.com\/es\/wp-json\/wp\/v2\/product"}],"about":[{"href":"https:\/\/illusiontek.com\/es\/wp-json\/wp\/v2\/types\/product"}],"replies":[{"embeddable":true,"href":"https:\/\/illusiontek.com\/es\/wp-json\/wp\/v2\/comments?post=2378"}],"wp:featuredmedia":[{"embeddable":true,"href":"https:\/\/illusiontek.com\/es\/wp-json\/wp\/v2\/media\/1578"}],"wp:attachment":[{"href":"https:\/\/illusiontek.com\/es\/wp-json\/wp\/v2\/media?parent=2378"}],"curies":[{"name":"wp","href":"https:\/\/api.w.org\/{rel}","templated":true}]}}