{"id":1588,"date":"2018-11-28T10:36:25","date_gmt":"2018-11-28T10:36:25","guid":{"rendered":"http:\/\/illusiontek.com\/nueva\/?post_type=product&#038;p=1588"},"modified":"2021-01-28T12:43:08","modified_gmt":"2021-01-28T12:43:08","slug":"movetek-system-es","status":"publish","type":"product","link":"https:\/\/illusiontek.com\/es\/shop\/illusiontek\/movetek-system-es\/","title":{"rendered":"MoveTek System"},"content":{"rendered":"<p>[vc_row][vc_column width=&#8221;1\/6&#8243;][\/vc_column][vc_column width=&#8221;2\/3&#8243;][vc_custom_heading text=&#8221;Descripci\u00f3n&#8221; font_container=&#8221;tag:h2|font_size:24px|text_align:left&#8221; use_theme_fonts=&#8221;yes&#8221; font_weight=&#8221;400&#8243; css=&#8221;.vc_custom_1529488195400{margin-top: 0px !important;margin-bottom: 0px !important;}&#8221;]<div class=\"supro-empty-space\" style=\"\"><div class=\"supro_empty_space_lg\"  style=\"height: 30px\"><\/div><div class=\"supro_empty_space_md\"  style=\"height: 30px\"><\/div><div class=\"supro_empty_space_xs\"  style=\"height: 30px\"><\/div><\/div>[vc_column_text]Gracias a su <strong>avanzado software<\/strong>, los sensores no se limitan \u00fanicamente a detectar movimiento como lo hacen los sensores del resto de fabricantes, sino que sus aceler\u00f3metros procesan la informaci\u00f3n y analizan su posici\u00f3n <strong>cientos de veces por segundo<\/strong>, tanto antes como despu\u00e9s de la elecci\u00f3n de cada objeto. De este modo detecta cual ha sido el objeto seleccionado, incluso aunque el espectador cambie su elecci\u00f3n en el \u00faltimo momento o decida mezclar todos los objetos, sin ning\u00fan tipo de posibilidad de error. El<strong> reseteo del sistema es inmediato<\/strong> pudi\u00e9ndose realizar en menos de 1 segundo de forma sencilla para poder realizar nuevamente el efecto, con la simple pulsaci\u00f3n de un bot\u00f3n.<\/p>\n<p>El <strong>kit inicial<\/strong> se ofrece en dos versiones,<strong> con o sin receptor de vibraci\u00f3n<\/strong>, m\u00e1s 5 sensores de movimiento, pudi\u00e9ndose ampliar hasta un m\u00e1ximo de 99 sensores en funcionamiento simult\u00e1neo, que pueden adquirirse de forma individual.<\/p>\n<p>Al igual que todos los sistemas Tek, los sensores se comunican por radiofrecuencia, y se conectan de forma simple y autom\u00e1tica a cualquiera de los receptores de la marca, pudi\u00e9ndose conectar a la vez a tantos receptores adicionales como requiera el espect\u00e1culo.<\/p>\n<p>Los sensores de movimiento son <strong>recargables<\/strong>. Disponen de una bater\u00eda de litio recargable de alto rendimiento, que puede cargar mediante su toma micro USB en poco m\u00e1s 10 minutos, ofreciendo una <strong>autonom\u00eda superior a las 2 horas<\/strong> de uso continuado.[\/vc_column_text]<div class=\"supro-empty-space\" style=\"\"><div class=\"supro_empty_space_lg\"  style=\"height: 0px\"><\/div><div class=\"supro_empty_space_md\"  style=\"height: 40px\"><\/div><div class=\"supro_empty_space_xs\"  style=\"height: 40px\"><\/div><\/div>[\/vc_column][vc_column width=&#8221;1\/6&#8243;][\/vc_column][\/vc_row]<\/p>","protected":false},"excerpt":{"rendered":"<p>Es un revolucionario sistema de sensores de movimiento de alta precisi\u00f3n y de reducido tama\u00f1o, que pueden ser escondidos en el interior de cualquier objeto del espect\u00e1culo, permitiendo en todo momento conocer la elecci\u00f3n del espectador, a\u00fan en casos complejos o extremos, incluso aunque el artista se encuentre a cientos de metros de distancia de los sensores.<\/p>","protected":false},"featured_media":1576,"comment_status":"closed","ping_status":"closed","template":"","meta":[],"_links":{"self":[{"href":"https:\/\/illusiontek.com\/es\/wp-json\/wp\/v2\/product\/1588"}],"collection":[{"href":"https:\/\/illusiontek.com\/es\/wp-json\/wp\/v2\/product"}],"about":[{"href":"https:\/\/illusiontek.com\/es\/wp-json\/wp\/v2\/types\/product"}],"replies":[{"embeddable":true,"href":"https:\/\/illusiontek.com\/es\/wp-json\/wp\/v2\/comments?post=1588"}],"wp:featuredmedia":[{"embeddable":true,"href":"https:\/\/illusiontek.com\/es\/wp-json\/wp\/v2\/media\/1576"}],"wp:attachment":[{"href":"https:\/\/illusiontek.com\/es\/wp-json\/wp\/v2\/media?parent=1588"}],"curies":[{"name":"wp","href":"https:\/\/api.w.org\/{rel}","templated":true}]}}