{"id":2413,"date":"2021-02-08T16:33:41","date_gmt":"2021-02-08T16:33:41","guid":{"rendered":"http:\/\/illusiontek.com\/?page_id=2413"},"modified":"2021-02-23T09:34:13","modified_gmt":"2021-02-23T09:34:13","slug":"distribuidores","status":"publish","type":"page","link":"https:\/\/illusiontek.com\/es\/distribuidores\/","title":{"rendered":"Distribuidores"},"content":{"rendered":"<p>[vc_row full_width=&#8221;stretch_row_content_no_spaces&#8221;][vc_column][rev_slider_vc alias=&#8221;contacto&#8221;]<div class=\"supro-empty-space\" style=\"\"><div class=\"supro_empty_space_lg\"  style=\"height: 30px\"><\/div><div class=\"supro_empty_space_md\"  style=\"height: 30px\"><\/div><div class=\"supro_empty_space_xs\"  style=\"height: 30px\"><\/div><\/div>[\/vc_column][\/vc_row][vc_row][vc_column][vc_column_text]<strong>Gracias por tu inter\u00e9s en Illusiontek<\/strong><\/p>\n<p>El presente formulario est\u00e1 dirigido exclusivamente a facilitar el contacto con nuestro canal de distribuci\u00f3n.<br \/>\nNuestro departamento comercial responder\u00e1 las solicitudes recibidas con la mayor brevedad posible.<\/p>\n<h6>* Recuerda que los campos marcados con asterisco se deben rellenar obligatoriamente.<\/h6>\n<p>[\/vc_column_text][\/vc_column][\/vc_row][vc_row][vc_column]<div class=\"supro-empty-space\" style=\"\"><div class=\"supro_empty_space_lg\"  style=\"height: 30px\"><\/div><div class=\"supro_empty_space_md\"  style=\"height: 30px\"><\/div><div class=\"supro_empty_space_xs\"  style=\"height: 30px\"><\/div><\/div><div role=\"form\" class=\"wpcf7\" id=\"wpcf7-f2461-o1\" lang=\"es-ES\" dir=\"ltr\">\n<div class=\"screen-reader-response\"><p role=\"status\" aria-live=\"polite\" aria-atomic=\"true\"><\/p> <ul><\/ul><\/div>\n<form action=\"\/es\/wp-json\/wp\/v2\/pages\/2413#wpcf7-f2461-o1\" method=\"post\" class=\"wpcf7-form init\" novalidate=\"novalidate\" data-status=\"init\" data-trp-original-action=\"\/es\/wp-json\/wp\/v2\/pages\/2413#wpcf7-f2461-o1\">\n<div style=\"display: none;\">\n<input type=\"hidden\" name=\"_wpcf7\" value=\"2461\" \/>\n<input type=\"hidden\" name=\"_wpcf7_version\" value=\"5.3.2\" \/>\n<input type=\"hidden\" name=\"_wpcf7_locale\" value=\"es_ES\" \/>\n<input type=\"hidden\" name=\"_wpcf7_unit_tag\" value=\"wpcf7-f2461-o1\" \/>\n<input type=\"hidden\" name=\"_wpcf7_container_post\" value=\"0\" \/>\n<input type=\"hidden\" name=\"_wpcf7_posted_data_hash\" value=\"\" \/>\n<input type=\"hidden\" name=\"_wpcf7_recaptcha_response\" value=\"\" \/>\n<\/div>\n<div class=\"supro-form\">\n<div class=\"row\">\n<div class=\"col-md-12 col-sm-12 col-xs-12\"><label>Nombre<span class=\"require\">*<\/span><span class=\"wpcf7-form-control-wrap your-name\"><input type=\"text\" name=\"your-name\" value=\"\" size=\"40\" class=\"wpcf7-form-control wpcf7-text wpcf7-validates-as-required\" aria-required=\"true\" aria-invalid=\"false\" \/><\/span><\/label><\/div>\n<div class=\"col-md-12 col-sm-12 col-xs-12\"><label>Empresa<span class=\"wpcf7-form-control-wrap text-891\"><input type=\"text\" name=\"text-891\" value=\"\" size=\"40\" class=\"wpcf7-form-control wpcf7-text\" aria-invalid=\"false\" \/><\/span><\/label><\/div>\n<div class=\"col-md-12 col-sm-12 col-xs-12\"><label>Direcci\u00f3n<span class=\"wpcf7-form-control-wrap text-406\"><input type=\"text\" name=\"text-406\" value=\"\" size=\"40\" class=\"wpcf7-form-control wpcf7-text\" aria-invalid=\"false\" \/><\/span><\/label><\/div>\n<div class=\"col-md-6 col-sm-12 col-xs-12\"><label> Poblaci\u00f3n<span class=\"wpcf7-form-control-wrap text-375\"><input type=\"text\" name=\"text-375\" value=\"\" size=\"40\" class=\"wpcf7-form-control wpcf7-text\" aria-invalid=\"false\" \/><\/span><\/label><\/div>\n<div class=\"col-md-6 col-sm-12 col-xs-12\"><label>C\u00f3digo postal<span class=\"require\">*<\/span><span class=\"wpcf7-form-control-wrap text-163\"><input type=\"text\" name=\"text-163\" value=\"\" size=\"40\" class=\"wpcf7-form-control wpcf7-text wpcf7-validates-as-required\" aria-required=\"true\" aria-invalid=\"false\" \/><\/span><\/label><\/div>\n<div class=\"col-md-12 col-sm-12 col-xs-12\"><label>Pa\u00eds<span class=\"require\">*<\/span><span class=\"wpcf7-form-control-wrap text-371\"><input type=\"text\" name=\"text-371\" value=\"\" size=\"40\" class=\"wpcf7-form-control wpcf7-text wpcf7-validates-as-required\" aria-required=\"true\" aria-invalid=\"false\" \/><\/span><\/label><\/div>\n<div class=\"col-md-6 col-sm-12 col-xs-12\"><label> Email<span class=\"require\">*<\/span><span class=\"wpcf7-form-control-wrap your-email\"><input type=\"email\" name=\"your-email\" value=\"\" size=\"40\" class=\"wpcf7-form-control wpcf7-text wpcf7-email wpcf7-validates-as-required wpcf7-validates-as-email\" aria-required=\"true\" aria-invalid=\"false\" \/><\/span><\/label><\/div>\n<div class=\"col-md-6 col-sm-12 col-xs-12\"><label>Tel\u00e9fono<span class=\"wpcf7-form-control-wrap text-339\"><input type=\"text\" name=\"text-339\" value=\"\" size=\"40\" class=\"wpcf7-form-control wpcf7-text\" aria-invalid=\"false\" \/><\/span><\/label><\/div>\n<div class=\"col-md-12 col-sm-12 col-xs-12\"><label>Tu Mensaje<span class=\"require\">*<\/span><span class=\"wpcf7-form-control-wrap your-message\"><textarea name=\"your-message\" cols=\"40\" rows=\"10\" class=\"wpcf7-form-control wpcf7-textarea wpcf7-validates-as-required\" aria-required=\"true\" aria-invalid=\"false\"><\/textarea><\/span><\/label><\/div>\n<div class=\"col-md-12 col-sm-12 col-xs-12\"><label><span class=\"wpcf7-form-control-wrap acceptance-498\"><span class=\"wpcf7-form-control wpcf7-acceptance\"><span class=\"wpcf7-list-item\"><input type=\"checkbox\" name=\"acceptance-498\" value=\"1\" aria-invalid=\"false\" \/><\/span><\/span><\/span> He le\u00eddo y he aceptado la <a href=\"\">Pol\u00edtica de provacidad<\/a><\/label><\/div>\n<div class=\"col-md-12 col-sm-12 col-xs-12\">\n<p><br><\/p>\n<\/div>\n<div class=\"col-md-12 col-sm-12 col-xs-12\">\n<p><b> Responsable:<\/b> Illusiontek<\/p>\n<\/div>\n<div class=\"col-md-12 col-sm-12 col-xs-12\">\n<p><b> Finalidad:<\/b> Facilitar el canal con los distribuidores.<\/p>\n<\/div>\n<div class=\"col-md-12 col-sm-12 col-xs-12\">\n<p><b> Legitimaci\u00f3n:<\/b> Consentimiento del interesado<\/p>\n<\/div>\n<div class=\"col-md-12 col-sm-12 col-xs-12\">\n<p><b> Destinatarios:<\/b> No se ceder\u00e1n datos a terceros, salvo obligaci\u00f3n legal.<\/p>\n<\/div>\n<div class=\"col-md-12 col-sm-12 col-xs-12\">\n<p><b> Derechos:<\/b> Acceder, rectificar y suprimir datos, as\u00ed como otros derechos, tal y como se explica en la informaci\u00f3n adicional.<\/p>\n<\/div>\n<div class=\"col-md-12 col-sm-12 col-xs-12\">\n<p><b> Informaci\u00f3n adicional:<\/b> Puede consultar la informaci\u00f3n adicional y detallada sobre protecci\u00f3n de datos a trav\u00e9s del siguiente enlace<\/p>\n<\/div>\n<div class=\"col-md-12 col-sm-12 col-xs-12\" style=\"text-align: center;\"><input type=\"submit\" value=\"Enviar\" class=\"wpcf7-form-control wpcf7-submit\" \/><\/div><\/div><\/div>\n<div class=\"wpcf7-response-output\" aria-hidden=\"true\"><\/div><input type=\"hidden\" name=\"trp-form-language\" value=\"es\"\/><\/form><\/div>[\/vc_column][\/vc_row]<\/p>","protected":false},"excerpt":{"rendered":"<p>[vc_row full_width=&#8221;stretch_row_content_no_spaces&#8221;][vc_column][rev_slider_vc alias=&#8221;contacto&#8221;][\/vc_column][\/vc_row][vc_row][vc_column][vc_column_text]Gracias por tu inter\u00e9s en Illusiontek El presente formulario est\u00e1 dirigido exclusivamente a facilitar el contacto con nuestro canal de distribuci\u00f3n. Nuestro departamento comercial responder\u00e1 las solicitudes recibidas con la mayor brevedad posible. * Recuerda que los campos marcados con asterisco se deben rellenar obligatoriamente. [\/vc_column_text][\/vc_column][\/vc_row][vc_row][vc_column][\/vc_column][\/vc_row]<\/p>","protected":false},"author":1,"featured_media":0,"parent":0,"menu_order":0,"comment_status":"closed","ping_status":"closed","template":"template-fullwidth.php","meta":[],"_links":{"self":[{"href":"https:\/\/illusiontek.com\/es\/wp-json\/wp\/v2\/pages\/2413"}],"collection":[{"href":"https:\/\/illusiontek.com\/es\/wp-json\/wp\/v2\/pages"}],"about":[{"href":"https:\/\/illusiontek.com\/es\/wp-json\/wp\/v2\/types\/page"}],"author":[{"embeddable":true,"href":"https:\/\/illusiontek.com\/es\/wp-json\/wp\/v2\/users\/1"}],"replies":[{"embeddable":true,"href":"https:\/\/illusiontek.com\/es\/wp-json\/wp\/v2\/comments?post=2413"}],"version-history":[{"count":5,"href":"https:\/\/illusiontek.com\/es\/wp-json\/wp\/v2\/pages\/2413\/revisions"}],"predecessor-version":[{"id":2464,"href":"https:\/\/illusiontek.com\/es\/wp-json\/wp\/v2\/pages\/2413\/revisions\/2464"}],"wp:attachment":[{"href":"https:\/\/illusiontek.com\/es\/wp-json\/wp\/v2\/media?parent=2413"}],"curies":[{"name":"wp","href":"https:\/\/api.w.org\/{rel}","templated":true}]}}